{"id":709,"date":"2023-03-15T13:27:34","date_gmt":"2023-03-15T17:27:34","guid":{"rendered":"https:\/\/accessigns.wpengine.com\/?page_id=709"},"modified":"2023-09-07T18:18:46","modified_gmt":"2023-09-07T22:18:46","slug":"merci-demande-de-soumission","status":"publish","type":"page","link":"https:\/\/accessigns.com\/fr\/merci-demande-de-soumission\/","title":{"rendered":"Merci &#8211; Demande de soumission"},"content":{"rendered":"<div id=\"cs-content\" class=\"cs-content\"><\/div>\n","protected":false},"excerpt":{"rendered":"<p>Merci! Nous appr\u00e9cions votre int\u00e9r\u00eat et nous vous contacterons d\u00e8s que possible. En attendant, nous vous invitons \u00e0 d\u00e9couvrir notre blogue et nos projets r\u00e9cents ci-dessous.Projets r\u00e9cents Tour des Canadiens 2022Structube 2022La Cage 2022Lucille&rsquo;s 2022Tite Frette 2022Columbus Caf\u00e9 &#038; Co 2022Publications r\u00e9centes Comment attirer des clients gr\u00e2ce \u00e0 une enseigne de restaurant ? 2022Comment les enseignes avec lettres 3D peuvent-elles &#8230; <\/p>\n<div><a href=\"https:\/\/accessigns.com\/fr\/merci-demande-de-soumission\/\" class=\"more-link\">Read More<\/a><\/div>\n","protected":false},"author":2,"featured_media":0,"parent":0,"menu_order":0,"comment_status":"closed","ping_status":"closed","template":"template-blank-4.php","meta":{"_acf_changed":false,"footnotes":""},"class_list":["post-709","page","type-page","status-publish","hentry","no-post-thumbnail"],"acf":[],"yoast_head":"<!-- This site is optimized with the Yoast SEO Premium plugin v21.4 (Yoast SEO v26.9) - https:\/\/yoast.com\/product\/yoast-seo-premium-wordpress\/ -->\n<title>Merci de nous contacter &#8212; Enseignes Access<\/title>\n<meta name=\"description\" content=\"Merci de nous avoir contact\u00e9s. Notre \u00e9quipe vous r\u00e9pondra sous peu.\" \/>\n<meta name=\"robots\" content=\"index, follow, max-snippet:-1, max-image-preview:large, max-video-preview:-1\" \/>\n<link rel=\"canonical\" href=\"https:\/\/accessigns.com\/fr\/merci-demande-de-soumission\/\" \/>\n<meta property=\"og:locale\" content=\"fr_FR\" \/>\n<meta property=\"og:type\" content=\"article\" \/>\n<meta property=\"og:title\" content=\"Merci - Demande de soumission\" \/>\n<meta property=\"og:description\" content=\"Merci de nous avoir contact\u00e9s. Notre \u00e9quipe vous r\u00e9pondra sous peu.\" \/>\n<meta property=\"og:url\" content=\"https:\/\/accessigns.com\/fr\/merci-demande-de-soumission\/\" \/>\n<meta property=\"og:site_name\" content=\"Enseignes Access\" \/>\n<meta property=\"article:modified_time\" content=\"2023-09-07T22:18:46+00:00\" \/>\n<meta property=\"og:image\" content=\"https:\/\/accessigns.com\/wp-content\/uploads\/2023\/06\/access-site-image.png\" \/>\n\t<meta property=\"og:image:width\" content=\"1000\" \/>\n\t<meta property=\"og:image:height\" content=\"675\" \/>\n\t<meta property=\"og:image:type\" content=\"image\/png\" \/>\n<meta name=\"twitter:card\" content=\"summary_large_image\" \/>\n<meta name=\"twitter:label1\" content=\"Dur\u00e9e de lecture estim\u00e9e\" \/>\n\t<meta name=\"twitter:data1\" content=\"1 minute\" \/>\n<script type=\"application\/ld+json\" class=\"yoast-schema-graph\">{\"@context\":\"https:\/\/schema.org\",\"@graph\":[{\"@type\":\"WebPage\",\"@id\":\"https:\/\/accessigns.com\/fr\/merci-demande-de-soumission\/\",\"url\":\"https:\/\/accessigns.com\/fr\/merci-demande-de-soumission\/\",\"name\":\"Merci de nous contacter &#8212; Enseignes Access\",\"isPartOf\":{\"@id\":\"https:\/\/accessigns.com\/fr\/#website\"},\"datePublished\":\"2023-03-15T17:27:34+00:00\",\"dateModified\":\"2023-09-07T22:18:46+00:00\",\"description\":\"Merci de nous avoir contact\u00e9s. Notre \u00e9quipe vous r\u00e9pondra sous peu.\",\"breadcrumb\":{\"@id\":\"https:\/\/accessigns.com\/fr\/merci-demande-de-soumission\/#breadcrumb\"},\"inLanguage\":\"fr-FR\",\"potentialAction\":[{\"@type\":\"ReadAction\",\"target\":[\"https:\/\/accessigns.com\/fr\/merci-demande-de-soumission\/\"]}]},{\"@type\":\"BreadcrumbList\",\"@id\":\"https:\/\/accessigns.com\/fr\/merci-demande-de-soumission\/#breadcrumb\",\"itemListElement\":[{\"@type\":\"ListItem\",\"position\":1,\"name\":\"Home\",\"item\":\"https:\/\/accessigns.com\/fr\/accueil\/\"},{\"@type\":\"ListItem\",\"position\":2,\"name\":\"Merci &#8211; Demande de soumission\"}]},{\"@type\":\"WebSite\",\"@id\":\"https:\/\/accessigns.com\/fr\/#website\",\"url\":\"https:\/\/accessigns.com\/fr\/\",\"name\":\"Enseignes Access\",\"description\":\"Tailored in-house signage solutions for businesses, stores, restaurants, retail and more nationwide.\",\"alternateName\":\"Enseignes Access\",\"potentialAction\":[{\"@type\":\"SearchAction\",\"target\":{\"@type\":\"EntryPoint\",\"urlTemplate\":\"https:\/\/accessigns.com\/fr\/?s={search_term_string}\"},\"query-input\":{\"@type\":\"PropertyValueSpecification\",\"valueRequired\":true,\"valueName\":\"search_term_string\"}}],\"inLanguage\":\"fr-FR\"}]}<\/script>\n<!-- \/ Yoast SEO Premium plugin. -->","yoast_head_json":{"title":"Merci de nous contacter &#8212; Enseignes Access","description":"Merci de nous avoir contact\u00e9s. Notre \u00e9quipe vous r\u00e9pondra sous peu.","robots":{"index":"index","follow":"follow","max-snippet":"max-snippet:-1","max-image-preview":"max-image-preview:large","max-video-preview":"max-video-preview:-1"},"canonical":"https:\/\/accessigns.com\/fr\/merci-demande-de-soumission\/","og_locale":"fr_FR","og_type":"article","og_title":"Merci - Demande de soumission","og_description":"Merci de nous avoir contact\u00e9s. Notre \u00e9quipe vous r\u00e9pondra sous peu.","og_url":"https:\/\/accessigns.com\/fr\/merci-demande-de-soumission\/","og_site_name":"Enseignes Access","article_modified_time":"2023-09-07T22:18:46+00:00","og_image":[{"width":1000,"height":675,"url":"https:\/\/accessigns.com\/wp-content\/uploads\/2023\/06\/access-site-image.png","type":"image\/png"}],"twitter_card":"summary_large_image","twitter_misc":{"Dur\u00e9e de lecture estim\u00e9e":"1 minute"},"schema":{"@context":"https:\/\/schema.org","@graph":[{"@type":"WebPage","@id":"https:\/\/accessigns.com\/fr\/merci-demande-de-soumission\/","url":"https:\/\/accessigns.com\/fr\/merci-demande-de-soumission\/","name":"Merci de nous contacter &#8212; Enseignes Access","isPartOf":{"@id":"https:\/\/accessigns.com\/fr\/#website"},"datePublished":"2023-03-15T17:27:34+00:00","dateModified":"2023-09-07T22:18:46+00:00","description":"Merci de nous avoir contact\u00e9s. Notre \u00e9quipe vous r\u00e9pondra sous peu.","breadcrumb":{"@id":"https:\/\/accessigns.com\/fr\/merci-demande-de-soumission\/#breadcrumb"},"inLanguage":"fr-FR","potentialAction":[{"@type":"ReadAction","target":["https:\/\/accessigns.com\/fr\/merci-demande-de-soumission\/"]}]},{"@type":"BreadcrumbList","@id":"https:\/\/accessigns.com\/fr\/merci-demande-de-soumission\/#breadcrumb","itemListElement":[{"@type":"ListItem","position":1,"name":"Home","item":"https:\/\/accessigns.com\/fr\/accueil\/"},{"@type":"ListItem","position":2,"name":"Merci &#8211; Demande de soumission"}]},{"@type":"WebSite","@id":"https:\/\/accessigns.com\/fr\/#website","url":"https:\/\/accessigns.com\/fr\/","name":"Enseignes Access","description":"Tailored in-house signage solutions for businesses, stores, restaurants, retail and more nationwide.","alternateName":"Enseignes Access","potentialAction":[{"@type":"SearchAction","target":{"@type":"EntryPoint","urlTemplate":"https:\/\/accessigns.com\/fr\/?s={search_term_string}"},"query-input":{"@type":"PropertyValueSpecification","valueRequired":true,"valueName":"search_term_string"}}],"inLanguage":"fr-FR"}]}},"featured_image_src":null,"featured_image_src_square":null,"_links":{"self":[{"href":"https:\/\/accessigns.com\/fr\/wp-json\/wp\/v2\/pages\/709","targetHints":{"allow":["GET"]}}],"collection":[{"href":"https:\/\/accessigns.com\/fr\/wp-json\/wp\/v2\/pages"}],"about":[{"href":"https:\/\/accessigns.com\/fr\/wp-json\/wp\/v2\/types\/page"}],"author":[{"embeddable":true,"href":"https:\/\/accessigns.com\/fr\/wp-json\/wp\/v2\/users\/2"}],"replies":[{"embeddable":true,"href":"https:\/\/accessigns.com\/fr\/wp-json\/wp\/v2\/comments?post=709"}],"version-history":[{"count":0,"href":"https:\/\/accessigns.com\/fr\/wp-json\/wp\/v2\/pages\/709\/revisions"}],"wp:attachment":[{"href":"https:\/\/accessigns.com\/fr\/wp-json\/wp\/v2\/media?parent=709"}],"curies":[{"name":"wp","href":"https:\/\/api.w.org\/{rel}","templated":true}]}}