{"id":708,"date":"2022-08-02T00:11:42","date_gmt":"2022-08-02T04:11:42","guid":{"rendered":"https:\/\/accessigns.wpengine.com\/?page_id=708"},"modified":"2023-11-06T16:34:11","modified_gmt":"2023-11-06T21:34:11","slug":"temoignages","status":"publish","type":"page","link":"https:\/\/accessigns.com\/fr\/temoignages\/","title":{"rendered":"T\u00e9moignages"},"content":{"rendered":"<div id=\"cs-content\" class=\"cs-content\"><\/div>\n","protected":false},"excerpt":{"rendered":"<p>T\u00e9moignages D\u00e9couvrez ce que nos clients ont \u00e0 dire sur le service d\u2019Enseignes Access..Obtenir une consultationCela fait 15 ans que nous traitons avec Enseignes Access. Ils nous ont offert, pendant toutes ces ann\u00e9es, des produits de grande qualit\u00e9 et d\u2019excellents services. Nous savons que nous pouvons compter sur eux. Ils travaillent sans m\u00e9nager leurs efforts pour respecter nos \u00e9ch\u00e9ances et &#8230; <\/p>\n<div><a href=\"https:\/\/accessigns.com\/fr\/temoignages\/\" class=\"more-link\">Read More<\/a><\/div>\n","protected":false},"author":2,"featured_media":0,"parent":0,"menu_order":0,"comment_status":"closed","ping_status":"closed","template":"template-blank-4.php","meta":{"_acf_changed":false,"footnotes":""},"class_list":["post-708","page","type-page","status-publish","hentry","no-post-thumbnail"],"acf":[],"yoast_head":"<!-- This site is optimized with the Yoast SEO Premium plugin v21.4 (Yoast SEO v26.9) - https:\/\/yoast.com\/product\/yoast-seo-premium-wordpress\/ -->\n<title>Consultez nos t\u00e9moignages clients &#8212; Enseignes Access<\/title>\n<meta name=\"description\" content=\"Chaque enseigne a une histoire. Lisez ce que nos clients ont \u00e0 dire sur leur exp\u00e9rience avec Access Signs.\" \/>\n<meta name=\"robots\" content=\"index, follow, max-snippet:-1, max-image-preview:large, max-video-preview:-1\" \/>\n<link rel=\"canonical\" href=\"https:\/\/accessigns.com\/fr\/temoignages\/\" \/>\n<meta property=\"og:locale\" content=\"fr_FR\" \/>\n<meta property=\"og:type\" content=\"article\" \/>\n<meta property=\"og:title\" content=\"T\u00e9moignages\" \/>\n<meta property=\"og:description\" content=\"Chaque enseigne a une histoire. Lisez ce que nos clients ont \u00e0 dire sur leur exp\u00e9rience avec Access Signs.\" \/>\n<meta property=\"og:url\" content=\"https:\/\/accessigns.com\/fr\/temoignages\/\" \/>\n<meta property=\"og:site_name\" content=\"Enseignes Access\" \/>\n<meta property=\"article:modified_time\" content=\"2023-11-06T21:34:11+00:00\" \/>\n<meta property=\"og:image\" content=\"https:\/\/accessigns.com\/wp-content\/uploads\/2023\/06\/access-site-image.png\" \/>\n\t<meta property=\"og:image:width\" content=\"1000\" \/>\n\t<meta property=\"og:image:height\" content=\"675\" \/>\n\t<meta property=\"og:image:type\" content=\"image\/png\" \/>\n<meta name=\"twitter:card\" content=\"summary_large_image\" \/>\n<meta name=\"twitter:label1\" content=\"Dur\u00e9e de lecture estim\u00e9e\" \/>\n\t<meta name=\"twitter:data1\" content=\"1 minute\" \/>\n<script type=\"application\/ld+json\" class=\"yoast-schema-graph\">{\"@context\":\"https:\/\/schema.org\",\"@graph\":[{\"@type\":\"WebPage\",\"@id\":\"https:\/\/accessigns.com\/fr\/temoignages\/\",\"url\":\"https:\/\/accessigns.com\/fr\/temoignages\/\",\"name\":\"Consultez nos t\u00e9moignages clients &#8212; Enseignes Access\",\"isPartOf\":{\"@id\":\"https:\/\/accessigns.com\/fr\/#website\"},\"datePublished\":\"2022-08-02T04:11:42+00:00\",\"dateModified\":\"2023-11-06T21:34:11+00:00\",\"description\":\"Chaque enseigne a une histoire. Lisez ce que nos clients ont \u00e0 dire sur leur exp\u00e9rience avec Access Signs.\",\"breadcrumb\":{\"@id\":\"https:\/\/accessigns.com\/fr\/temoignages\/#breadcrumb\"},\"inLanguage\":\"fr-FR\",\"potentialAction\":[{\"@type\":\"ReadAction\",\"target\":[\"https:\/\/accessigns.com\/fr\/temoignages\/\"]}]},{\"@type\":\"BreadcrumbList\",\"@id\":\"https:\/\/accessigns.com\/fr\/temoignages\/#breadcrumb\",\"itemListElement\":[{\"@type\":\"ListItem\",\"position\":1,\"name\":\"Home\",\"item\":\"https:\/\/accessigns.com\/fr\/accueil\/\"},{\"@type\":\"ListItem\",\"position\":2,\"name\":\"T\u00e9moignages\"}]},{\"@type\":\"WebSite\",\"@id\":\"https:\/\/accessigns.com\/fr\/#website\",\"url\":\"https:\/\/accessigns.com\/fr\/\",\"name\":\"Enseignes Access\",\"description\":\"Tailored in-house signage solutions for businesses, stores, restaurants, retail and more nationwide.\",\"alternateName\":\"Enseignes Access\",\"potentialAction\":[{\"@type\":\"SearchAction\",\"target\":{\"@type\":\"EntryPoint\",\"urlTemplate\":\"https:\/\/accessigns.com\/fr\/?s={search_term_string}\"},\"query-input\":{\"@type\":\"PropertyValueSpecification\",\"valueRequired\":true,\"valueName\":\"search_term_string\"}}],\"inLanguage\":\"fr-FR\"}]}<\/script>\n<!-- \/ Yoast SEO Premium plugin. -->","yoast_head_json":{"title":"Consultez nos t\u00e9moignages clients &#8212; Enseignes Access","description":"Chaque enseigne a une histoire. Lisez ce que nos clients ont \u00e0 dire sur leur exp\u00e9rience avec Access Signs.","robots":{"index":"index","follow":"follow","max-snippet":"max-snippet:-1","max-image-preview":"max-image-preview:large","max-video-preview":"max-video-preview:-1"},"canonical":"https:\/\/accessigns.com\/fr\/temoignages\/","og_locale":"fr_FR","og_type":"article","og_title":"T\u00e9moignages","og_description":"Chaque enseigne a une histoire. Lisez ce que nos clients ont \u00e0 dire sur leur exp\u00e9rience avec Access Signs.","og_url":"https:\/\/accessigns.com\/fr\/temoignages\/","og_site_name":"Enseignes Access","article_modified_time":"2023-11-06T21:34:11+00:00","og_image":[{"width":1000,"height":675,"url":"https:\/\/accessigns.com\/wp-content\/uploads\/2023\/06\/access-site-image.png","type":"image\/png"}],"twitter_card":"summary_large_image","twitter_misc":{"Dur\u00e9e de lecture estim\u00e9e":"1 minute"},"schema":{"@context":"https:\/\/schema.org","@graph":[{"@type":"WebPage","@id":"https:\/\/accessigns.com\/fr\/temoignages\/","url":"https:\/\/accessigns.com\/fr\/temoignages\/","name":"Consultez nos t\u00e9moignages clients &#8212; Enseignes Access","isPartOf":{"@id":"https:\/\/accessigns.com\/fr\/#website"},"datePublished":"2022-08-02T04:11:42+00:00","dateModified":"2023-11-06T21:34:11+00:00","description":"Chaque enseigne a une histoire. Lisez ce que nos clients ont \u00e0 dire sur leur exp\u00e9rience avec Access Signs.","breadcrumb":{"@id":"https:\/\/accessigns.com\/fr\/temoignages\/#breadcrumb"},"inLanguage":"fr-FR","potentialAction":[{"@type":"ReadAction","target":["https:\/\/accessigns.com\/fr\/temoignages\/"]}]},{"@type":"BreadcrumbList","@id":"https:\/\/accessigns.com\/fr\/temoignages\/#breadcrumb","itemListElement":[{"@type":"ListItem","position":1,"name":"Home","item":"https:\/\/accessigns.com\/fr\/accueil\/"},{"@type":"ListItem","position":2,"name":"T\u00e9moignages"}]},{"@type":"WebSite","@id":"https:\/\/accessigns.com\/fr\/#website","url":"https:\/\/accessigns.com\/fr\/","name":"Enseignes Access","description":"Tailored in-house signage solutions for businesses, stores, restaurants, retail and more nationwide.","alternateName":"Enseignes Access","potentialAction":[{"@type":"SearchAction","target":{"@type":"EntryPoint","urlTemplate":"https:\/\/accessigns.com\/fr\/?s={search_term_string}"},"query-input":{"@type":"PropertyValueSpecification","valueRequired":true,"valueName":"search_term_string"}}],"inLanguage":"fr-FR"}]}},"featured_image_src":null,"featured_image_src_square":null,"_links":{"self":[{"href":"https:\/\/accessigns.com\/fr\/wp-json\/wp\/v2\/pages\/708","targetHints":{"allow":["GET"]}}],"collection":[{"href":"https:\/\/accessigns.com\/fr\/wp-json\/wp\/v2\/pages"}],"about":[{"href":"https:\/\/accessigns.com\/fr\/wp-json\/wp\/v2\/types\/page"}],"author":[{"embeddable":true,"href":"https:\/\/accessigns.com\/fr\/wp-json\/wp\/v2\/users\/2"}],"replies":[{"embeddable":true,"href":"https:\/\/accessigns.com\/fr\/wp-json\/wp\/v2\/comments?post=708"}],"version-history":[{"count":0,"href":"https:\/\/accessigns.com\/fr\/wp-json\/wp\/v2\/pages\/708\/revisions"}],"wp:attachment":[{"href":"https:\/\/accessigns.com\/fr\/wp-json\/wp\/v2\/media?parent=708"}],"curies":[{"name":"wp","href":"https:\/\/api.w.org\/{rel}","templated":true}]}}