{"id":705,"date":"2022-08-02T00:10:07","date_gmt":"2022-08-02T04:10:07","guid":{"rendered":"https:\/\/accessigns.wpengine.com\/?page_id=705"},"modified":"2023-11-06T15:46:20","modified_gmt":"2023-11-06T20:46:20","slug":"solutions-enseignes","status":"publish","type":"page","link":"https:\/\/accessigns.com\/fr\/solutions-enseignes\/","title":{"rendered":"Solutions d&rsquo;enseignes"},"content":{"rendered":"<div id=\"cs-content\" class=\"cs-content\"><\/div>\n","protected":false},"excerpt":{"rendered":"<p>Solutions d&rsquo;enseignes Enseignes Access propose une large gamme d&rsquo;enseignes personnalis\u00e9es, adapt\u00e9es \u00e0 votre marque et \u00e0 vos besoins sp\u00e9cifiques.D\u00e9marrez votre projetEnseignes int\u00e9rieures et ext\u00e9rieures Enseignes num\u00e9riques Finis architecturaux Entretien et service D\u00e9couvrir nos produits Lettres 3D Enseignes \u00e0 bo\u00eetier Colonnes publicitaires Enseignes pyl\u00f4nes Signal\u00e9tique Enseignes int\u00e9rieures Enseignes non lumineuses Banni\u00e8res personnalis\u00e9es Graphiques de vinyle Enseignes personnalis\u00e9es Auvents Enseignes en saillie &#8230; <\/p>\n<div><a href=\"https:\/\/accessigns.com\/fr\/solutions-enseignes\/\" class=\"more-link\">Read More<\/a><\/div>\n","protected":false},"author":2,"featured_media":0,"parent":0,"menu_order":0,"comment_status":"closed","ping_status":"closed","template":"template-blank-4.php","meta":{"_acf_changed":false,"footnotes":""},"class_list":["post-705","page","type-page","status-publish","hentry","no-post-thumbnail"],"acf":[],"yoast_head":"<!-- This site is optimized with the Yoast SEO Premium plugin v21.4 (Yoast SEO v26.9) - https:\/\/yoast.com\/product\/yoast-seo-premium-wordpress\/ -->\n<title>D\u00e9couvrez nos produits et services &#8212; Enseignes Access<\/title>\n<meta name=\"description\" content=\"Enseignes Access propose une large gamme d&#039;enseignes personnalis\u00e9es, adapt\u00e9es \u00e0 votre marque et \u00e0 vos besoins sp\u00e9cifiques.\" \/>\n<meta name=\"robots\" content=\"index, follow, max-snippet:-1, max-image-preview:large, max-video-preview:-1\" \/>\n<link rel=\"canonical\" href=\"https:\/\/accessigns.com\/fr\/solutions-enseignes\/\" \/>\n<meta property=\"og:locale\" content=\"fr_FR\" \/>\n<meta property=\"og:type\" content=\"article\" \/>\n<meta property=\"og:title\" content=\"Solutions d&#039;enseignes\" \/>\n<meta property=\"og:description\" content=\"Enseignes Access propose une large gamme d&#039;enseignes personnalis\u00e9es, adapt\u00e9es \u00e0 votre marque et \u00e0 vos besoins sp\u00e9cifiques.\" \/>\n<meta property=\"og:url\" content=\"https:\/\/accessigns.com\/fr\/solutions-enseignes\/\" \/>\n<meta property=\"og:site_name\" content=\"Enseignes Access\" \/>\n<meta property=\"article:modified_time\" content=\"2023-11-06T20:46:20+00:00\" \/>\n<meta property=\"og:image\" content=\"https:\/\/accessigns.com\/wp-content\/uploads\/2023\/06\/access-site-image.png\" \/>\n\t<meta property=\"og:image:width\" content=\"1000\" \/>\n\t<meta property=\"og:image:height\" content=\"675\" \/>\n\t<meta property=\"og:image:type\" content=\"image\/png\" \/>\n<meta name=\"twitter:card\" content=\"summary_large_image\" \/>\n<meta name=\"twitter:label1\" content=\"Dur\u00e9e de lecture estim\u00e9e\" \/>\n\t<meta name=\"twitter:data1\" content=\"1 minute\" \/>\n<script type=\"application\/ld+json\" class=\"yoast-schema-graph\">{\"@context\":\"https:\/\/schema.org\",\"@graph\":[{\"@type\":\"WebPage\",\"@id\":\"https:\/\/accessigns.com\/fr\/solutions-enseignes\/\",\"url\":\"https:\/\/accessigns.com\/fr\/solutions-enseignes\/\",\"name\":\"D\u00e9couvrez nos produits et services &#8212; Enseignes Access\",\"isPartOf\":{\"@id\":\"https:\/\/accessigns.com\/fr\/#website\"},\"datePublished\":\"2022-08-02T04:10:07+00:00\",\"dateModified\":\"2023-11-06T20:46:20+00:00\",\"description\":\"Enseignes Access propose une large gamme d'enseignes personnalis\u00e9es, adapt\u00e9es \u00e0 votre marque et \u00e0 vos besoins sp\u00e9cifiques.\",\"breadcrumb\":{\"@id\":\"https:\/\/accessigns.com\/fr\/solutions-enseignes\/#breadcrumb\"},\"inLanguage\":\"fr-FR\",\"potentialAction\":[{\"@type\":\"ReadAction\",\"target\":[\"https:\/\/accessigns.com\/fr\/solutions-enseignes\/\"]}]},{\"@type\":\"BreadcrumbList\",\"@id\":\"https:\/\/accessigns.com\/fr\/solutions-enseignes\/#breadcrumb\",\"itemListElement\":[{\"@type\":\"ListItem\",\"position\":1,\"name\":\"Home\",\"item\":\"https:\/\/accessigns.com\/fr\/accueil\/\"},{\"@type\":\"ListItem\",\"position\":2,\"name\":\"Solutions d&rsquo;enseignes\"}]},{\"@type\":\"WebSite\",\"@id\":\"https:\/\/accessigns.com\/fr\/#website\",\"url\":\"https:\/\/accessigns.com\/fr\/\",\"name\":\"Enseignes Access\",\"description\":\"Tailored in-house signage solutions for businesses, stores, restaurants, retail and more nationwide.\",\"alternateName\":\"Enseignes Access\",\"potentialAction\":[{\"@type\":\"SearchAction\",\"target\":{\"@type\":\"EntryPoint\",\"urlTemplate\":\"https:\/\/accessigns.com\/fr\/?s={search_term_string}\"},\"query-input\":{\"@type\":\"PropertyValueSpecification\",\"valueRequired\":true,\"valueName\":\"search_term_string\"}}],\"inLanguage\":\"fr-FR\"}]}<\/script>\n<!-- \/ Yoast SEO Premium plugin. -->","yoast_head_json":{"title":"D\u00e9couvrez nos produits et services &#8212; Enseignes Access","description":"Enseignes Access propose une large gamme d'enseignes personnalis\u00e9es, adapt\u00e9es \u00e0 votre marque et \u00e0 vos besoins sp\u00e9cifiques.","robots":{"index":"index","follow":"follow","max-snippet":"max-snippet:-1","max-image-preview":"max-image-preview:large","max-video-preview":"max-video-preview:-1"},"canonical":"https:\/\/accessigns.com\/fr\/solutions-enseignes\/","og_locale":"fr_FR","og_type":"article","og_title":"Solutions d'enseignes","og_description":"Enseignes Access propose une large gamme d'enseignes personnalis\u00e9es, adapt\u00e9es \u00e0 votre marque et \u00e0 vos besoins sp\u00e9cifiques.","og_url":"https:\/\/accessigns.com\/fr\/solutions-enseignes\/","og_site_name":"Enseignes Access","article_modified_time":"2023-11-06T20:46:20+00:00","og_image":[{"width":1000,"height":675,"url":"https:\/\/accessigns.com\/wp-content\/uploads\/2023\/06\/access-site-image.png","type":"image\/png"}],"twitter_card":"summary_large_image","twitter_misc":{"Dur\u00e9e de lecture estim\u00e9e":"1 minute"},"schema":{"@context":"https:\/\/schema.org","@graph":[{"@type":"WebPage","@id":"https:\/\/accessigns.com\/fr\/solutions-enseignes\/","url":"https:\/\/accessigns.com\/fr\/solutions-enseignes\/","name":"D\u00e9couvrez nos produits et services &#8212; Enseignes Access","isPartOf":{"@id":"https:\/\/accessigns.com\/fr\/#website"},"datePublished":"2022-08-02T04:10:07+00:00","dateModified":"2023-11-06T20:46:20+00:00","description":"Enseignes Access propose une large gamme d'enseignes personnalis\u00e9es, adapt\u00e9es \u00e0 votre marque et \u00e0 vos besoins sp\u00e9cifiques.","breadcrumb":{"@id":"https:\/\/accessigns.com\/fr\/solutions-enseignes\/#breadcrumb"},"inLanguage":"fr-FR","potentialAction":[{"@type":"ReadAction","target":["https:\/\/accessigns.com\/fr\/solutions-enseignes\/"]}]},{"@type":"BreadcrumbList","@id":"https:\/\/accessigns.com\/fr\/solutions-enseignes\/#breadcrumb","itemListElement":[{"@type":"ListItem","position":1,"name":"Home","item":"https:\/\/accessigns.com\/fr\/accueil\/"},{"@type":"ListItem","position":2,"name":"Solutions d&rsquo;enseignes"}]},{"@type":"WebSite","@id":"https:\/\/accessigns.com\/fr\/#website","url":"https:\/\/accessigns.com\/fr\/","name":"Enseignes Access","description":"Tailored in-house signage solutions for businesses, stores, restaurants, retail and more nationwide.","alternateName":"Enseignes Access","potentialAction":[{"@type":"SearchAction","target":{"@type":"EntryPoint","urlTemplate":"https:\/\/accessigns.com\/fr\/?s={search_term_string}"},"query-input":{"@type":"PropertyValueSpecification","valueRequired":true,"valueName":"search_term_string"}}],"inLanguage":"fr-FR"}]}},"featured_image_src":null,"featured_image_src_square":null,"_links":{"self":[{"href":"https:\/\/accessigns.com\/fr\/wp-json\/wp\/v2\/pages\/705","targetHints":{"allow":["GET"]}}],"collection":[{"href":"https:\/\/accessigns.com\/fr\/wp-json\/wp\/v2\/pages"}],"about":[{"href":"https:\/\/accessigns.com\/fr\/wp-json\/wp\/v2\/types\/page"}],"author":[{"embeddable":true,"href":"https:\/\/accessigns.com\/fr\/wp-json\/wp\/v2\/users\/2"}],"replies":[{"embeddable":true,"href":"https:\/\/accessigns.com\/fr\/wp-json\/wp\/v2\/comments?post=705"}],"version-history":[{"count":0,"href":"https:\/\/accessigns.com\/fr\/wp-json\/wp\/v2\/pages\/705\/revisions"}],"wp:attachment":[{"href":"https:\/\/accessigns.com\/fr\/wp-json\/wp\/v2\/media?parent=705"}],"curies":[{"name":"wp","href":"https:\/\/api.w.org\/{rel}","templated":true}]}}