{"id":704,"date":"2022-08-02T02:59:15","date_gmt":"2022-08-02T06:59:15","guid":{"rendered":"https:\/\/accessigns.wpengine.com\/?page_id=704"},"modified":"2023-06-09T16:12:04","modified_gmt":"2023-06-09T20:12:04","slug":"accueil","status":"publish","type":"page","link":"https:\/\/accessigns.com\/fr\/","title":{"rendered":"Accueil"},"content":{"rendered":"<div id=\"cs-content\" class=\"cs-content\"><\/div>\n","protected":false},"excerpt":{"rendered":"<p>We offer tailored in-house signage solutions for Book a consultationWe offer tailored in-house signage solutions for We specialize in custom signage solutions for &nbsp; Book a consultationWe offer tailored in-house signage solutions for Nous offrons des solutions d\u2019enseignes personnalis\u00e9es pour les &nbsp; D\u00e9marrez votre projetNos solutions d\u2019enseignes D\u00e9couvrir nos produitsLettres 3D Enseignes \u00e0 bo\u00eetier Colonnes publicitaires Enseignes pyl\u00f4nes Signal\u00e9tique Enseignes &#8230; <\/p>\n<div><a href=\"https:\/\/accessigns.com\/fr\/\" class=\"more-link\">Read More<\/a><\/div>\n","protected":false},"author":2,"featured_media":880,"parent":0,"menu_order":0,"comment_status":"closed","ping_status":"closed","template":"template-blank-4.php","meta":{"_acf_changed":false,"footnotes":""},"class_list":["post-704","page","type-page","status-publish","has-post-thumbnail","hentry"],"acf":[],"yoast_head":"<!-- This site is optimized with the Yoast SEO Premium plugin v21.4 (Yoast SEO v26.9) - https:\/\/yoast.com\/product\/yoast-seo-premium-wordpress\/ -->\n<title>Solutions d&#039;enseignes personnalis\u00e9es &#8212; Enseignes Access<\/title>\n<meta name=\"description\" content=\"Enseignes Access est le leader en affichage commercial personnalis\u00e9 \u00e0 Montr\u00e9al, offrant des solutions sur mesure pour les entreprises \u00e0 travers le Canada.\" \/>\n<meta name=\"robots\" content=\"index, follow, max-snippet:-1, max-image-preview:large, max-video-preview:-1\" \/>\n<link rel=\"canonical\" href=\"https:\/\/accessigns.com\/fr\/\" \/>\n<meta property=\"og:locale\" content=\"fr_FR\" \/>\n<meta property=\"og:type\" content=\"article\" \/>\n<meta property=\"og:title\" content=\"Accueil\" \/>\n<meta property=\"og:description\" content=\"Enseignes Access est le leader en affichage commercial personnalis\u00e9 \u00e0 Montr\u00e9al, offrant des solutions sur mesure pour les entreprises \u00e0 travers le Canada.\" \/>\n<meta property=\"og:url\" content=\"https:\/\/accessigns.com\/fr\/\" \/>\n<meta property=\"og:site_name\" content=\"Enseignes Access\" \/>\n<meta property=\"article:modified_time\" content=\"2023-06-09T20:12:04+00:00\" \/>\n<meta property=\"og:image\" content=\"https:\/\/accessigns.com\/wp-content\/uploads\/2023\/06\/access-site-image.png\" \/>\n\t<meta property=\"og:image:width\" content=\"1000\" \/>\n\t<meta property=\"og:image:height\" content=\"675\" \/>\n\t<meta property=\"og:image:type\" content=\"image\/png\" \/>\n<meta name=\"twitter:card\" content=\"summary_large_image\" \/>\n<meta name=\"twitter:label1\" content=\"Dur\u00e9e de lecture estim\u00e9e\" \/>\n\t<meta name=\"twitter:data1\" content=\"2 minutes\" \/>\n<script type=\"application\/ld+json\" class=\"yoast-schema-graph\">{\"@context\":\"https:\/\/schema.org\",\"@graph\":[{\"@type\":\"WebPage\",\"@id\":\"https:\/\/accessigns.com\/fr\/\",\"url\":\"https:\/\/accessigns.com\/fr\/\",\"name\":\"Solutions d'enseignes personnalis\u00e9es &#8212; Enseignes Access\",\"isPartOf\":{\"@id\":\"https:\/\/accessigns.com\/fr\/#website\"},\"primaryImageOfPage\":{\"@id\":\"https:\/\/accessigns.com\/fr\/#primaryimage\"},\"image\":{\"@id\":\"https:\/\/accessigns.com\/fr\/#primaryimage\"},\"thumbnailUrl\":\"https:\/\/accessigns.com\/wp-content\/uploads\/2023\/06\/access-site-image.png\",\"datePublished\":\"2022-08-02T06:59:15+00:00\",\"dateModified\":\"2023-06-09T20:12:04+00:00\",\"description\":\"Enseignes Access est le leader en affichage commercial personnalis\u00e9 \u00e0 Montr\u00e9al, offrant des solutions sur mesure pour les entreprises \u00e0 travers le Canada.\",\"breadcrumb\":{\"@id\":\"https:\/\/accessigns.com\/fr\/#breadcrumb\"},\"inLanguage\":\"fr-FR\",\"potentialAction\":[{\"@type\":\"ReadAction\",\"target\":[\"https:\/\/accessigns.com\/fr\/\"]}]},{\"@type\":\"ImageObject\",\"inLanguage\":\"fr-FR\",\"@id\":\"https:\/\/accessigns.com\/fr\/#primaryimage\",\"url\":\"https:\/\/accessigns.com\/wp-content\/uploads\/2023\/06\/access-site-image.png\",\"contentUrl\":\"https:\/\/accessigns.com\/wp-content\/uploads\/2023\/06\/access-site-image.png\",\"width\":1000,\"height\":675},{\"@type\":\"BreadcrumbList\",\"@id\":\"https:\/\/accessigns.com\/fr\/#breadcrumb\",\"itemListElement\":[{\"@type\":\"ListItem\",\"position\":1,\"name\":\"Home\",\"item\":\"https:\/\/accessigns.com\/fr\/accueil\/\"},{\"@type\":\"ListItem\",\"position\":2,\"name\":\"Accueil\"}]},{\"@type\":\"WebSite\",\"@id\":\"https:\/\/accessigns.com\/fr\/#website\",\"url\":\"https:\/\/accessigns.com\/fr\/\",\"name\":\"Enseignes Access\",\"description\":\"Tailored in-house signage solutions for businesses, stores, restaurants, retail and more nationwide.\",\"alternateName\":\"Enseignes Access\",\"potentialAction\":[{\"@type\":\"SearchAction\",\"target\":{\"@type\":\"EntryPoint\",\"urlTemplate\":\"https:\/\/accessigns.com\/fr\/?s={search_term_string}\"},\"query-input\":{\"@type\":\"PropertyValueSpecification\",\"valueRequired\":true,\"valueName\":\"search_term_string\"}}],\"inLanguage\":\"fr-FR\"}]}<\/script>\n<!-- \/ Yoast SEO Premium plugin. -->","yoast_head_json":{"title":"Solutions d'enseignes personnalis\u00e9es &#8212; Enseignes Access","description":"Enseignes Access est le leader en affichage commercial personnalis\u00e9 \u00e0 Montr\u00e9al, offrant des solutions sur mesure pour les entreprises \u00e0 travers le Canada.","robots":{"index":"index","follow":"follow","max-snippet":"max-snippet:-1","max-image-preview":"max-image-preview:large","max-video-preview":"max-video-preview:-1"},"canonical":"https:\/\/accessigns.com\/fr\/","og_locale":"fr_FR","og_type":"article","og_title":"Accueil","og_description":"Enseignes Access est le leader en affichage commercial personnalis\u00e9 \u00e0 Montr\u00e9al, offrant des solutions sur mesure pour les entreprises \u00e0 travers le Canada.","og_url":"https:\/\/accessigns.com\/fr\/","og_site_name":"Enseignes Access","article_modified_time":"2023-06-09T20:12:04+00:00","og_image":[{"width":1000,"height":675,"url":"https:\/\/accessigns.com\/wp-content\/uploads\/2023\/06\/access-site-image.png","type":"image\/png"}],"twitter_card":"summary_large_image","twitter_misc":{"Dur\u00e9e de lecture estim\u00e9e":"2 minutes"},"schema":{"@context":"https:\/\/schema.org","@graph":[{"@type":"WebPage","@id":"https:\/\/accessigns.com\/fr\/","url":"https:\/\/accessigns.com\/fr\/","name":"Solutions d'enseignes personnalis\u00e9es &#8212; Enseignes Access","isPartOf":{"@id":"https:\/\/accessigns.com\/fr\/#website"},"primaryImageOfPage":{"@id":"https:\/\/accessigns.com\/fr\/#primaryimage"},"image":{"@id":"https:\/\/accessigns.com\/fr\/#primaryimage"},"thumbnailUrl":"https:\/\/accessigns.com\/wp-content\/uploads\/2023\/06\/access-site-image.png","datePublished":"2022-08-02T06:59:15+00:00","dateModified":"2023-06-09T20:12:04+00:00","description":"Enseignes Access est le leader en affichage commercial personnalis\u00e9 \u00e0 Montr\u00e9al, offrant des solutions sur mesure pour les entreprises \u00e0 travers le Canada.","breadcrumb":{"@id":"https:\/\/accessigns.com\/fr\/#breadcrumb"},"inLanguage":"fr-FR","potentialAction":[{"@type":"ReadAction","target":["https:\/\/accessigns.com\/fr\/"]}]},{"@type":"ImageObject","inLanguage":"fr-FR","@id":"https:\/\/accessigns.com\/fr\/#primaryimage","url":"https:\/\/accessigns.com\/wp-content\/uploads\/2023\/06\/access-site-image.png","contentUrl":"https:\/\/accessigns.com\/wp-content\/uploads\/2023\/06\/access-site-image.png","width":1000,"height":675},{"@type":"BreadcrumbList","@id":"https:\/\/accessigns.com\/fr\/#breadcrumb","itemListElement":[{"@type":"ListItem","position":1,"name":"Home","item":"https:\/\/accessigns.com\/fr\/accueil\/"},{"@type":"ListItem","position":2,"name":"Accueil"}]},{"@type":"WebSite","@id":"https:\/\/accessigns.com\/fr\/#website","url":"https:\/\/accessigns.com\/fr\/","name":"Enseignes Access","description":"Tailored in-house signage solutions for businesses, stores, restaurants, retail and more nationwide.","alternateName":"Enseignes Access","potentialAction":[{"@type":"SearchAction","target":{"@type":"EntryPoint","urlTemplate":"https:\/\/accessigns.com\/fr\/?s={search_term_string}"},"query-input":{"@type":"PropertyValueSpecification","valueRequired":true,"valueName":"search_term_string"}}],"inLanguage":"fr-FR"}]}},"featured_image_src":"https:\/\/accessigns.com\/wp-content\/uploads\/2023\/06\/access-site-image-600x400.png","featured_image_src_square":"https:\/\/accessigns.com\/wp-content\/uploads\/2023\/06\/access-site-image-600x600.png","_links":{"self":[{"href":"https:\/\/accessigns.com\/fr\/wp-json\/wp\/v2\/pages\/704","targetHints":{"allow":["GET"]}}],"collection":[{"href":"https:\/\/accessigns.com\/fr\/wp-json\/wp\/v2\/pages"}],"about":[{"href":"https:\/\/accessigns.com\/fr\/wp-json\/wp\/v2\/types\/page"}],"author":[{"embeddable":true,"href":"https:\/\/accessigns.com\/fr\/wp-json\/wp\/v2\/users\/2"}],"replies":[{"embeddable":true,"href":"https:\/\/accessigns.com\/fr\/wp-json\/wp\/v2\/comments?post=704"}],"version-history":[{"count":0,"href":"https:\/\/accessigns.com\/fr\/wp-json\/wp\/v2\/pages\/704\/revisions"}],"wp:featuredmedia":[{"embeddable":true,"href":"https:\/\/accessigns.com\/fr\/wp-json\/wp\/v2\/media\/880"}],"wp:attachment":[{"href":"https:\/\/accessigns.com\/fr\/wp-json\/wp\/v2\/media?parent=704"}],"curies":[{"name":"wp","href":"https:\/\/api.w.org\/{rel}","templated":true}]}}