{"id":647,"date":"2022-11-30T10:59:50","date_gmt":"2022-11-30T15:59:50","guid":{"rendered":"https:\/\/accessigns.wpengine.com\/architectural-finishes\/"},"modified":"2023-11-06T15:48:13","modified_gmt":"2023-11-06T20:48:13","slug":"finition-architecturale","status":"publish","type":"page","link":"https:\/\/accessigns.com\/fr\/solutions-enseignes\/finition-architecturale\/","title":{"rendered":"Finis architecturaux"},"content":{"rendered":"<div id=\"cs-content\" class=\"cs-content\"><\/div>\n","protected":false},"excerpt":{"rendered":"<p>HomeFinis architecturaux Donnez vie \u00e0 votre b\u00e2timent avec des finis architecturaux qui feront tourner les t\u00eates. Nos syst\u00e8mes de rev\u00eatement en aluminium sont enti\u00e8rement test\u00e9s pour r\u00e9sister au vent et offrent une durabilit\u00e9 des plus \u00e9lev\u00e9es.Lorem ipsum dolor sit amet, consectetur adipiscing elit. Cras volutpat leo ut nisl venenatis, sit amet eleifend enim congue. Curabitur tempus ipsum libero, ac scelerisque &#8230; <\/p>\n<div><a href=\"https:\/\/accessigns.com\/fr\/solutions-enseignes\/finition-architecturale\/\" class=\"more-link\">Read More<\/a><\/div>\n","protected":false},"author":2,"featured_media":509,"parent":705,"menu_order":3,"comment_status":"closed","ping_status":"closed","template":"template-blank-4.php","meta":{"_acf_changed":false,"footnotes":""},"class_list":["post-647","page","type-page","status-publish","has-post-thumbnail","hentry"],"acf":[],"yoast_head":"<!-- This site is optimized with the Yoast SEO Premium plugin v21.4 (Yoast SEO v26.9) - https:\/\/yoast.com\/product\/yoast-seo-premium-wordpress\/ -->\n<title>D\u00e9couvrez nos finis architecturaux &#8212; Enseignes Access<\/title>\n<meta name=\"description\" content=\"Dynamisez votre b\u00e2timent gr\u00e2ce \u00e0 des finis architecturaux qui feront tourner les t\u00eates.\" \/>\n<meta name=\"robots\" content=\"index, follow, max-snippet:-1, max-image-preview:large, max-video-preview:-1\" \/>\n<link rel=\"canonical\" href=\"https:\/\/accessigns.com\/fr\/solutions-enseignes\/finition-architecturale\/\" \/>\n<meta property=\"og:locale\" content=\"fr_FR\" \/>\n<meta property=\"og:type\" content=\"article\" \/>\n<meta property=\"og:title\" content=\"Finis architecturaux\" \/>\n<meta property=\"og:description\" content=\"Dynamisez votre b\u00e2timent gr\u00e2ce \u00e0 des finis architecturaux qui feront tourner les t\u00eates.\" \/>\n<meta property=\"og:url\" content=\"https:\/\/accessigns.com\/fr\/solutions-enseignes\/finition-architecturale\/\" \/>\n<meta property=\"og:site_name\" content=\"Enseignes Access\" \/>\n<meta property=\"article:modified_time\" content=\"2023-11-06T20:48:13+00:00\" \/>\n<meta property=\"og:image\" content=\"https:\/\/accessigns.com\/wp-content\/uploads\/2022\/10\/access-signs_centre-viau_16x9_0315.jpg\" \/>\n\t<meta property=\"og:image:width\" content=\"2048\" \/>\n\t<meta property=\"og:image:height\" content=\"1152\" \/>\n\t<meta property=\"og:image:type\" content=\"image\/jpeg\" \/>\n<meta name=\"twitter:card\" content=\"summary_large_image\" \/>\n<meta name=\"twitter:label1\" content=\"Dur\u00e9e de lecture estim\u00e9e\" \/>\n\t<meta name=\"twitter:data1\" content=\"1 minute\" \/>\n<script type=\"application\/ld+json\" class=\"yoast-schema-graph\">{\"@context\":\"https:\/\/schema.org\",\"@graph\":[{\"@type\":\"WebPage\",\"@id\":\"https:\/\/accessigns.com\/fr\/solutions-enseignes\/finition-architecturale\/\",\"url\":\"https:\/\/accessigns.com\/fr\/solutions-enseignes\/finition-architecturale\/\",\"name\":\"D\u00e9couvrez nos finis architecturaux &#8212; Enseignes Access\",\"isPartOf\":{\"@id\":\"https:\/\/accessigns.com\/fr\/#website\"},\"primaryImageOfPage\":{\"@id\":\"https:\/\/accessigns.com\/fr\/solutions-enseignes\/finition-architecturale\/#primaryimage\"},\"image\":{\"@id\":\"https:\/\/accessigns.com\/fr\/solutions-enseignes\/finition-architecturale\/#primaryimage\"},\"thumbnailUrl\":\"https:\/\/accessigns.com\/wp-content\/uploads\/2022\/10\/access-signs_centre-viau_16x9_0315.jpg\",\"datePublished\":\"2022-11-30T15:59:50+00:00\",\"dateModified\":\"2023-11-06T20:48:13+00:00\",\"description\":\"Dynamisez votre b\u00e2timent gr\u00e2ce \u00e0 des finis architecturaux qui feront tourner les t\u00eates.\",\"breadcrumb\":{\"@id\":\"https:\/\/accessigns.com\/fr\/solutions-enseignes\/finition-architecturale\/#breadcrumb\"},\"inLanguage\":\"fr-FR\",\"potentialAction\":[{\"@type\":\"ReadAction\",\"target\":[\"https:\/\/accessigns.com\/fr\/solutions-enseignes\/finition-architecturale\/\"]}]},{\"@type\":\"ImageObject\",\"inLanguage\":\"fr-FR\",\"@id\":\"https:\/\/accessigns.com\/fr\/solutions-enseignes\/finition-architecturale\/#primaryimage\",\"url\":\"https:\/\/accessigns.com\/wp-content\/uploads\/2022\/10\/access-signs_centre-viau_16x9_0315.jpg\",\"contentUrl\":\"https:\/\/accessigns.com\/wp-content\/uploads\/2022\/10\/access-signs_centre-viau_16x9_0315.jpg\",\"width\":2048,\"height\":1152},{\"@type\":\"BreadcrumbList\",\"@id\":\"https:\/\/accessigns.com\/fr\/solutions-enseignes\/finition-architecturale\/#breadcrumb\",\"itemListElement\":[{\"@type\":\"ListItem\",\"position\":1,\"name\":\"Home\",\"item\":\"https:\/\/accessigns.com\/fr\/accueil\/\"},{\"@type\":\"ListItem\",\"position\":2,\"name\":\"Solutions d&rsquo;enseignes\",\"item\":\"https:\/\/accessigns.com\/fr\/solutions-enseignes\/\"},{\"@type\":\"ListItem\",\"position\":3,\"name\":\"Finis architecturaux\"}]},{\"@type\":\"WebSite\",\"@id\":\"https:\/\/accessigns.com\/fr\/#website\",\"url\":\"https:\/\/accessigns.com\/fr\/\",\"name\":\"Enseignes Access\",\"description\":\"Tailored in-house signage solutions for businesses, stores, restaurants, retail and more nationwide.\",\"alternateName\":\"Enseignes Access\",\"potentialAction\":[{\"@type\":\"SearchAction\",\"target\":{\"@type\":\"EntryPoint\",\"urlTemplate\":\"https:\/\/accessigns.com\/fr\/?s={search_term_string}\"},\"query-input\":{\"@type\":\"PropertyValueSpecification\",\"valueRequired\":true,\"valueName\":\"search_term_string\"}}],\"inLanguage\":\"fr-FR\"}]}<\/script>\n<!-- \/ Yoast SEO Premium plugin. -->","yoast_head_json":{"title":"D\u00e9couvrez nos finis architecturaux &#8212; Enseignes Access","description":"Dynamisez votre b\u00e2timent gr\u00e2ce \u00e0 des finis architecturaux qui feront tourner les t\u00eates.","robots":{"index":"index","follow":"follow","max-snippet":"max-snippet:-1","max-image-preview":"max-image-preview:large","max-video-preview":"max-video-preview:-1"},"canonical":"https:\/\/accessigns.com\/fr\/solutions-enseignes\/finition-architecturale\/","og_locale":"fr_FR","og_type":"article","og_title":"Finis architecturaux","og_description":"Dynamisez votre b\u00e2timent gr\u00e2ce \u00e0 des finis architecturaux qui feront tourner les t\u00eates.","og_url":"https:\/\/accessigns.com\/fr\/solutions-enseignes\/finition-architecturale\/","og_site_name":"Enseignes Access","article_modified_time":"2023-11-06T20:48:13+00:00","og_image":[{"width":2048,"height":1152,"url":"https:\/\/accessigns.com\/wp-content\/uploads\/2022\/10\/access-signs_centre-viau_16x9_0315.jpg","type":"image\/jpeg"}],"twitter_card":"summary_large_image","twitter_misc":{"Dur\u00e9e de lecture estim\u00e9e":"1 minute"},"schema":{"@context":"https:\/\/schema.org","@graph":[{"@type":"WebPage","@id":"https:\/\/accessigns.com\/fr\/solutions-enseignes\/finition-architecturale\/","url":"https:\/\/accessigns.com\/fr\/solutions-enseignes\/finition-architecturale\/","name":"D\u00e9couvrez nos finis architecturaux &#8212; Enseignes Access","isPartOf":{"@id":"https:\/\/accessigns.com\/fr\/#website"},"primaryImageOfPage":{"@id":"https:\/\/accessigns.com\/fr\/solutions-enseignes\/finition-architecturale\/#primaryimage"},"image":{"@id":"https:\/\/accessigns.com\/fr\/solutions-enseignes\/finition-architecturale\/#primaryimage"},"thumbnailUrl":"https:\/\/accessigns.com\/wp-content\/uploads\/2022\/10\/access-signs_centre-viau_16x9_0315.jpg","datePublished":"2022-11-30T15:59:50+00:00","dateModified":"2023-11-06T20:48:13+00:00","description":"Dynamisez votre b\u00e2timent gr\u00e2ce \u00e0 des finis architecturaux qui feront tourner les t\u00eates.","breadcrumb":{"@id":"https:\/\/accessigns.com\/fr\/solutions-enseignes\/finition-architecturale\/#breadcrumb"},"inLanguage":"fr-FR","potentialAction":[{"@type":"ReadAction","target":["https:\/\/accessigns.com\/fr\/solutions-enseignes\/finition-architecturale\/"]}]},{"@type":"ImageObject","inLanguage":"fr-FR","@id":"https:\/\/accessigns.com\/fr\/solutions-enseignes\/finition-architecturale\/#primaryimage","url":"https:\/\/accessigns.com\/wp-content\/uploads\/2022\/10\/access-signs_centre-viau_16x9_0315.jpg","contentUrl":"https:\/\/accessigns.com\/wp-content\/uploads\/2022\/10\/access-signs_centre-viau_16x9_0315.jpg","width":2048,"height":1152},{"@type":"BreadcrumbList","@id":"https:\/\/accessigns.com\/fr\/solutions-enseignes\/finition-architecturale\/#breadcrumb","itemListElement":[{"@type":"ListItem","position":1,"name":"Home","item":"https:\/\/accessigns.com\/fr\/accueil\/"},{"@type":"ListItem","position":2,"name":"Solutions d&rsquo;enseignes","item":"https:\/\/accessigns.com\/fr\/solutions-enseignes\/"},{"@type":"ListItem","position":3,"name":"Finis architecturaux"}]},{"@type":"WebSite","@id":"https:\/\/accessigns.com\/fr\/#website","url":"https:\/\/accessigns.com\/fr\/","name":"Enseignes Access","description":"Tailored in-house signage solutions for businesses, stores, restaurants, retail and more nationwide.","alternateName":"Enseignes Access","potentialAction":[{"@type":"SearchAction","target":{"@type":"EntryPoint","urlTemplate":"https:\/\/accessigns.com\/fr\/?s={search_term_string}"},"query-input":{"@type":"PropertyValueSpecification","valueRequired":true,"valueName":"search_term_string"}}],"inLanguage":"fr-FR"}]}},"featured_image_src":"https:\/\/accessigns.com\/wp-content\/uploads\/2022\/10\/access-signs_centre-viau_16x9_0315-600x400.jpg","featured_image_src_square":"https:\/\/accessigns.com\/wp-content\/uploads\/2022\/10\/access-signs_centre-viau_16x9_0315-600x600.jpg","_links":{"self":[{"href":"https:\/\/accessigns.com\/fr\/wp-json\/wp\/v2\/pages\/647","targetHints":{"allow":["GET"]}}],"collection":[{"href":"https:\/\/accessigns.com\/fr\/wp-json\/wp\/v2\/pages"}],"about":[{"href":"https:\/\/accessigns.com\/fr\/wp-json\/wp\/v2\/types\/page"}],"author":[{"embeddable":true,"href":"https:\/\/accessigns.com\/fr\/wp-json\/wp\/v2\/users\/2"}],"replies":[{"embeddable":true,"href":"https:\/\/accessigns.com\/fr\/wp-json\/wp\/v2\/comments?post=647"}],"version-history":[{"count":0,"href":"https:\/\/accessigns.com\/fr\/wp-json\/wp\/v2\/pages\/647\/revisions"}],"up":[{"embeddable":true,"href":"https:\/\/accessigns.com\/fr\/wp-json\/wp\/v2\/pages\/705"}],"wp:featuredmedia":[{"embeddable":true,"href":"https:\/\/accessigns.com\/fr\/wp-json\/wp\/v2\/media\/509"}],"wp:attachment":[{"href":"https:\/\/accessigns.com\/fr\/wp-json\/wp\/v2\/media?parent=647"}],"curies":[{"name":"wp","href":"https:\/\/api.w.org\/{rel}","templated":true}]}}