{"id":645,"date":"2022-11-30T11:06:25","date_gmt":"2022-11-30T16:06:25","guid":{"rendered":"https:\/\/accessigns.wpengine.com\/digital-signage\/"},"modified":"2023-09-05T12:22:55","modified_gmt":"2023-09-05T16:22:55","slug":"enseignes-numeriques","status":"publish","type":"page","link":"https:\/\/accessigns.com\/fr\/solutions-enseignes\/enseignes-numeriques\/","title":{"rendered":"Enseignes num\u00e9riques"},"content":{"rendered":"<div id=\"cs-content\" class=\"cs-content\"><\/div>\n","protected":false},"excerpt":{"rendered":"<p>HomeEnseignes num\u00e9riques Les enseignes num\u00e9riques sont une forme d\u2019affichage \u00e9lectronique utilis\u00e9 pour communiquer des informations et de la publicit\u00e9. Ces \u00e9crans sont utilis\u00e9s dans de nombreux endroits tels que les a\u00e9roports, les magasins de d\u00e9tail et les b\u00e2timents d&rsquo;entreprise. L&rsquo;affichage num\u00e9rique est flexible et rentable car il permet aux entreprises de mettre \u00e0 jour rapidement et facilement leur contenu. Vous &#8230; <\/p>\n<div><a href=\"https:\/\/accessigns.com\/fr\/solutions-enseignes\/enseignes-numeriques\/\" class=\"more-link\">Read More<\/a><\/div>\n","protected":false},"author":2,"featured_media":741,"parent":705,"menu_order":2,"comment_status":"closed","ping_status":"closed","template":"template-blank-4.php","meta":{"_acf_changed":false,"footnotes":""},"class_list":["post-645","page","type-page","status-publish","has-post-thumbnail","hentry"],"acf":[],"yoast_head":"<!-- This site is optimized with the Yoast SEO Premium plugin v21.4 (Yoast SEO v26.9) - https:\/\/yoast.com\/product\/yoast-seo-premium-wordpress\/ -->\n<title>D\u00e9couvrez nos enseignes num\u00e9riques &#8212; Enseignes Access<\/title>\n<meta name=\"description\" content=\"Des \u00e9crans \u00e9lectroniques qui communiquent habituellement des informations et des publicit\u00e9s \u00e0 un public sp\u00e9cifique\" \/>\n<meta name=\"robots\" content=\"index, follow, max-snippet:-1, max-image-preview:large, max-video-preview:-1\" \/>\n<link rel=\"canonical\" href=\"https:\/\/accessigns.com\/fr\/solutions-enseignes\/enseignes-numeriques\/\" \/>\n<meta property=\"og:locale\" content=\"fr_FR\" \/>\n<meta property=\"og:type\" content=\"article\" \/>\n<meta property=\"og:title\" content=\"Enseignes num\u00e9riques\" \/>\n<meta property=\"og:description\" content=\"Des \u00e9crans \u00e9lectroniques qui communiquent habituellement des informations et des publicit\u00e9s \u00e0 un public sp\u00e9cifique\" \/>\n<meta property=\"og:url\" content=\"https:\/\/accessigns.com\/fr\/solutions-enseignes\/enseignes-numeriques\/\" \/>\n<meta property=\"og:site_name\" content=\"Enseignes Access\" \/>\n<meta property=\"article:modified_time\" content=\"2023-09-05T16:22:55+00:00\" \/>\n<meta property=\"og:image\" content=\"https:\/\/accessigns.com\/wp-content\/uploads\/2023\/06\/access-signs_brossard.jpg\" \/>\n\t<meta property=\"og:image:width\" content=\"2048\" \/>\n\t<meta property=\"og:image:height\" content=\"1366\" \/>\n\t<meta property=\"og:image:type\" content=\"image\/jpeg\" \/>\n<meta name=\"twitter:card\" content=\"summary_large_image\" \/>\n<meta name=\"twitter:label1\" content=\"Dur\u00e9e de lecture estim\u00e9e\" \/>\n\t<meta name=\"twitter:data1\" content=\"1 minute\" \/>\n<script type=\"application\/ld+json\" class=\"yoast-schema-graph\">{\"@context\":\"https:\/\/schema.org\",\"@graph\":[{\"@type\":\"WebPage\",\"@id\":\"https:\/\/accessigns.com\/fr\/solutions-enseignes\/enseignes-numeriques\/\",\"url\":\"https:\/\/accessigns.com\/fr\/solutions-enseignes\/enseignes-numeriques\/\",\"name\":\"D\u00e9couvrez nos enseignes num\u00e9riques &#8212; Enseignes Access\",\"isPartOf\":{\"@id\":\"https:\/\/accessigns.com\/fr\/#website\"},\"primaryImageOfPage\":{\"@id\":\"https:\/\/accessigns.com\/fr\/solutions-enseignes\/enseignes-numeriques\/#primaryimage\"},\"image\":{\"@id\":\"https:\/\/accessigns.com\/fr\/solutions-enseignes\/enseignes-numeriques\/#primaryimage\"},\"thumbnailUrl\":\"https:\/\/accessigns.com\/wp-content\/uploads\/2023\/06\/access-signs_brossard.jpg\",\"datePublished\":\"2022-11-30T16:06:25+00:00\",\"dateModified\":\"2023-09-05T16:22:55+00:00\",\"description\":\"Des \u00e9crans \u00e9lectroniques qui communiquent habituellement des informations et des publicit\u00e9s \u00e0 un public sp\u00e9cifique\",\"breadcrumb\":{\"@id\":\"https:\/\/accessigns.com\/fr\/solutions-enseignes\/enseignes-numeriques\/#breadcrumb\"},\"inLanguage\":\"fr-FR\",\"potentialAction\":[{\"@type\":\"ReadAction\",\"target\":[\"https:\/\/accessigns.com\/fr\/solutions-enseignes\/enseignes-numeriques\/\"]}]},{\"@type\":\"ImageObject\",\"inLanguage\":\"fr-FR\",\"@id\":\"https:\/\/accessigns.com\/fr\/solutions-enseignes\/enseignes-numeriques\/#primaryimage\",\"url\":\"https:\/\/accessigns.com\/wp-content\/uploads\/2023\/06\/access-signs_brossard.jpg\",\"contentUrl\":\"https:\/\/accessigns.com\/wp-content\/uploads\/2023\/06\/access-signs_brossard.jpg\",\"width\":2048,\"height\":1366},{\"@type\":\"BreadcrumbList\",\"@id\":\"https:\/\/accessigns.com\/fr\/solutions-enseignes\/enseignes-numeriques\/#breadcrumb\",\"itemListElement\":[{\"@type\":\"ListItem\",\"position\":1,\"name\":\"Home\",\"item\":\"https:\/\/accessigns.com\/fr\/accueil\/\"},{\"@type\":\"ListItem\",\"position\":2,\"name\":\"Solutions d&rsquo;enseignes\",\"item\":\"https:\/\/accessigns.com\/fr\/solutions-enseignes\/\"},{\"@type\":\"ListItem\",\"position\":3,\"name\":\"Enseignes num\u00e9riques\"}]},{\"@type\":\"WebSite\",\"@id\":\"https:\/\/accessigns.com\/fr\/#website\",\"url\":\"https:\/\/accessigns.com\/fr\/\",\"name\":\"Enseignes Access\",\"description\":\"Tailored in-house signage solutions for businesses, stores, restaurants, retail and more nationwide.\",\"alternateName\":\"Enseignes Access\",\"potentialAction\":[{\"@type\":\"SearchAction\",\"target\":{\"@type\":\"EntryPoint\",\"urlTemplate\":\"https:\/\/accessigns.com\/fr\/?s={search_term_string}\"},\"query-input\":{\"@type\":\"PropertyValueSpecification\",\"valueRequired\":true,\"valueName\":\"search_term_string\"}}],\"inLanguage\":\"fr-FR\"}]}<\/script>\n<!-- \/ Yoast SEO Premium plugin. -->","yoast_head_json":{"title":"D\u00e9couvrez nos enseignes num\u00e9riques &#8212; Enseignes Access","description":"Des \u00e9crans \u00e9lectroniques qui communiquent habituellement des informations et des publicit\u00e9s \u00e0 un public sp\u00e9cifique","robots":{"index":"index","follow":"follow","max-snippet":"max-snippet:-1","max-image-preview":"max-image-preview:large","max-video-preview":"max-video-preview:-1"},"canonical":"https:\/\/accessigns.com\/fr\/solutions-enseignes\/enseignes-numeriques\/","og_locale":"fr_FR","og_type":"article","og_title":"Enseignes num\u00e9riques","og_description":"Des \u00e9crans \u00e9lectroniques qui communiquent habituellement des informations et des publicit\u00e9s \u00e0 un public sp\u00e9cifique","og_url":"https:\/\/accessigns.com\/fr\/solutions-enseignes\/enseignes-numeriques\/","og_site_name":"Enseignes Access","article_modified_time":"2023-09-05T16:22:55+00:00","og_image":[{"width":2048,"height":1366,"url":"https:\/\/accessigns.com\/wp-content\/uploads\/2023\/06\/access-signs_brossard.jpg","type":"image\/jpeg"}],"twitter_card":"summary_large_image","twitter_misc":{"Dur\u00e9e de lecture estim\u00e9e":"1 minute"},"schema":{"@context":"https:\/\/schema.org","@graph":[{"@type":"WebPage","@id":"https:\/\/accessigns.com\/fr\/solutions-enseignes\/enseignes-numeriques\/","url":"https:\/\/accessigns.com\/fr\/solutions-enseignes\/enseignes-numeriques\/","name":"D\u00e9couvrez nos enseignes num\u00e9riques &#8212; Enseignes Access","isPartOf":{"@id":"https:\/\/accessigns.com\/fr\/#website"},"primaryImageOfPage":{"@id":"https:\/\/accessigns.com\/fr\/solutions-enseignes\/enseignes-numeriques\/#primaryimage"},"image":{"@id":"https:\/\/accessigns.com\/fr\/solutions-enseignes\/enseignes-numeriques\/#primaryimage"},"thumbnailUrl":"https:\/\/accessigns.com\/wp-content\/uploads\/2023\/06\/access-signs_brossard.jpg","datePublished":"2022-11-30T16:06:25+00:00","dateModified":"2023-09-05T16:22:55+00:00","description":"Des \u00e9crans \u00e9lectroniques qui communiquent habituellement des informations et des publicit\u00e9s \u00e0 un public sp\u00e9cifique","breadcrumb":{"@id":"https:\/\/accessigns.com\/fr\/solutions-enseignes\/enseignes-numeriques\/#breadcrumb"},"inLanguage":"fr-FR","potentialAction":[{"@type":"ReadAction","target":["https:\/\/accessigns.com\/fr\/solutions-enseignes\/enseignes-numeriques\/"]}]},{"@type":"ImageObject","inLanguage":"fr-FR","@id":"https:\/\/accessigns.com\/fr\/solutions-enseignes\/enseignes-numeriques\/#primaryimage","url":"https:\/\/accessigns.com\/wp-content\/uploads\/2023\/06\/access-signs_brossard.jpg","contentUrl":"https:\/\/accessigns.com\/wp-content\/uploads\/2023\/06\/access-signs_brossard.jpg","width":2048,"height":1366},{"@type":"BreadcrumbList","@id":"https:\/\/accessigns.com\/fr\/solutions-enseignes\/enseignes-numeriques\/#breadcrumb","itemListElement":[{"@type":"ListItem","position":1,"name":"Home","item":"https:\/\/accessigns.com\/fr\/accueil\/"},{"@type":"ListItem","position":2,"name":"Solutions d&rsquo;enseignes","item":"https:\/\/accessigns.com\/fr\/solutions-enseignes\/"},{"@type":"ListItem","position":3,"name":"Enseignes num\u00e9riques"}]},{"@type":"WebSite","@id":"https:\/\/accessigns.com\/fr\/#website","url":"https:\/\/accessigns.com\/fr\/","name":"Enseignes Access","description":"Tailored in-house signage solutions for businesses, stores, restaurants, retail and more nationwide.","alternateName":"Enseignes Access","potentialAction":[{"@type":"SearchAction","target":{"@type":"EntryPoint","urlTemplate":"https:\/\/accessigns.com\/fr\/?s={search_term_string}"},"query-input":{"@type":"PropertyValueSpecification","valueRequired":true,"valueName":"search_term_string"}}],"inLanguage":"fr-FR"}]}},"featured_image_src":"https:\/\/accessigns.com\/wp-content\/uploads\/2023\/06\/access-signs_brossard-600x400.jpg","featured_image_src_square":"https:\/\/accessigns.com\/wp-content\/uploads\/2023\/06\/access-signs_brossard-600x600.jpg","_links":{"self":[{"href":"https:\/\/accessigns.com\/fr\/wp-json\/wp\/v2\/pages\/645","targetHints":{"allow":["GET"]}}],"collection":[{"href":"https:\/\/accessigns.com\/fr\/wp-json\/wp\/v2\/pages"}],"about":[{"href":"https:\/\/accessigns.com\/fr\/wp-json\/wp\/v2\/types\/page"}],"author":[{"embeddable":true,"href":"https:\/\/accessigns.com\/fr\/wp-json\/wp\/v2\/users\/2"}],"replies":[{"embeddable":true,"href":"https:\/\/accessigns.com\/fr\/wp-json\/wp\/v2\/comments?post=645"}],"version-history":[{"count":0,"href":"https:\/\/accessigns.com\/fr\/wp-json\/wp\/v2\/pages\/645\/revisions"}],"up":[{"embeddable":true,"href":"https:\/\/accessigns.com\/fr\/wp-json\/wp\/v2\/pages\/705"}],"wp:featuredmedia":[{"embeddable":true,"href":"https:\/\/accessigns.com\/fr\/wp-json\/wp\/v2\/media\/741"}],"wp:attachment":[{"href":"https:\/\/accessigns.com\/fr\/wp-json\/wp\/v2\/media?parent=645"}],"curies":[{"name":"wp","href":"https:\/\/api.w.org\/{rel}","templated":true}]}}