{"id":642,"date":"2022-11-30T11:05:54","date_gmt":"2022-11-30T16:05:54","guid":{"rendered":"https:\/\/accessigns.wpengine.com\/interior-exterior-signage\/"},"modified":"2023-11-06T15:47:07","modified_gmt":"2023-11-06T20:47:07","slug":"enseignes-interieur-exterieur","status":"publish","type":"page","link":"https:\/\/accessigns.com\/fr\/solutions-enseignes\/enseignes-interieur-exterieur\/","title":{"rendered":"Enseignes int\u00e9rieures et ext\u00e9rieures"},"content":{"rendered":"<div id=\"cs-content\" class=\"cs-content\"><\/div>\n","protected":false},"excerpt":{"rendered":"<p>HomeEnseignes int\u00e9rieures et ext\u00e9rieures Enseignes Access offre des services haut de gamme, et des marques partout en Am\u00e9rique du Nord se tournent vers nous pour des solutions cl\u00e9 en main en mati\u00e8re d&rsquo;enseignes. Vous avez travaill\u00e9 si fort sur votre marque, laissez-nous lui donner vie. Notre \u00e9quipe de professionnels d\u00e9vou\u00e9s et exp\u00e9riment\u00e9s peut vous aider \u00e0 d\u00e9velopper le bon forfait &#8230; <\/p>\n<div><a href=\"https:\/\/accessigns.com\/fr\/solutions-enseignes\/enseignes-interieur-exterieur\/\" class=\"more-link\">Read More<\/a><\/div>\n","protected":false},"author":2,"featured_media":521,"parent":705,"menu_order":1,"comment_status":"closed","ping_status":"closed","template":"template-blank-4.php","meta":{"_acf_changed":false,"footnotes":""},"class_list":["post-642","page","type-page","status-publish","has-post-thumbnail","hentry"],"acf":[],"yoast_head":"<!-- This site is optimized with the Yoast SEO Premium plugin v21.4 (Yoast SEO v26.9) - https:\/\/yoast.com\/product\/yoast-seo-premium-wordpress\/ -->\n<title>Enseignes int\u00e9rieures et ext\u00e9rieures &#8212; Enseignes Access<\/title>\n<meta name=\"description\" content=\"D\u00e9couvrez nos solutions d&#039;enseignes int\u00e9rieures et ext\u00e9rieures. Laissez-nous concevoir l\u2019affichage parfait pour votre entreprise d\u00e8s aujourd&#039;hui.\" \/>\n<meta name=\"robots\" content=\"index, follow, max-snippet:-1, max-image-preview:large, max-video-preview:-1\" \/>\n<link rel=\"canonical\" href=\"https:\/\/accessigns.com\/fr\/solutions-enseignes\/enseignes-interieur-exterieur\/\" \/>\n<meta property=\"og:locale\" content=\"fr_FR\" \/>\n<meta property=\"og:type\" content=\"article\" \/>\n<meta property=\"og:title\" content=\"Enseignes int\u00e9rieures et ext\u00e9rieures\" \/>\n<meta property=\"og:description\" content=\"D\u00e9couvrez nos solutions d&#039;enseignes int\u00e9rieures et ext\u00e9rieures. Laissez-nous concevoir l\u2019affichage parfait pour votre entreprise d\u00e8s aujourd&#039;hui.\" \/>\n<meta property=\"og:url\" content=\"https:\/\/accessigns.com\/fr\/solutions-enseignes\/enseignes-interieur-exterieur\/\" \/>\n<meta property=\"og:site_name\" content=\"Enseignes Access\" \/>\n<meta property=\"article:modified_time\" content=\"2023-11-06T20:47:07+00:00\" \/>\n<meta property=\"og:image\" content=\"https:\/\/accessigns.com\/wp-content\/uploads\/2022\/10\/access-signs_columbus_16x9_0005.jpg\" \/>\n\t<meta property=\"og:image:width\" content=\"2048\" \/>\n\t<meta property=\"og:image:height\" content=\"1152\" \/>\n\t<meta property=\"og:image:type\" content=\"image\/jpeg\" \/>\n<meta name=\"twitter:card\" content=\"summary_large_image\" \/>\n<meta name=\"twitter:label1\" content=\"Dur\u00e9e de lecture estim\u00e9e\" \/>\n\t<meta name=\"twitter:data1\" content=\"1 minute\" \/>\n<script type=\"application\/ld+json\" class=\"yoast-schema-graph\">{\"@context\":\"https:\/\/schema.org\",\"@graph\":[{\"@type\":\"WebPage\",\"@id\":\"https:\/\/accessigns.com\/fr\/solutions-enseignes\/enseignes-interieur-exterieur\/\",\"url\":\"https:\/\/accessigns.com\/fr\/solutions-enseignes\/enseignes-interieur-exterieur\/\",\"name\":\"Enseignes int\u00e9rieures et ext\u00e9rieures &#8212; Enseignes Access\",\"isPartOf\":{\"@id\":\"https:\/\/accessigns.com\/fr\/#website\"},\"primaryImageOfPage\":{\"@id\":\"https:\/\/accessigns.com\/fr\/solutions-enseignes\/enseignes-interieur-exterieur\/#primaryimage\"},\"image\":{\"@id\":\"https:\/\/accessigns.com\/fr\/solutions-enseignes\/enseignes-interieur-exterieur\/#primaryimage\"},\"thumbnailUrl\":\"https:\/\/accessigns.com\/wp-content\/uploads\/2022\/10\/access-signs_columbus_16x9_0005.jpg\",\"datePublished\":\"2022-11-30T16:05:54+00:00\",\"dateModified\":\"2023-11-06T20:47:07+00:00\",\"description\":\"D\u00e9couvrez nos solutions d'enseignes int\u00e9rieures et ext\u00e9rieures. Laissez-nous concevoir l\u2019affichage parfait pour votre entreprise d\u00e8s aujourd'hui.\",\"breadcrumb\":{\"@id\":\"https:\/\/accessigns.com\/fr\/solutions-enseignes\/enseignes-interieur-exterieur\/#breadcrumb\"},\"inLanguage\":\"fr-FR\",\"potentialAction\":[{\"@type\":\"ReadAction\",\"target\":[\"https:\/\/accessigns.com\/fr\/solutions-enseignes\/enseignes-interieur-exterieur\/\"]}]},{\"@type\":\"ImageObject\",\"inLanguage\":\"fr-FR\",\"@id\":\"https:\/\/accessigns.com\/fr\/solutions-enseignes\/enseignes-interieur-exterieur\/#primaryimage\",\"url\":\"https:\/\/accessigns.com\/wp-content\/uploads\/2022\/10\/access-signs_columbus_16x9_0005.jpg\",\"contentUrl\":\"https:\/\/accessigns.com\/wp-content\/uploads\/2022\/10\/access-signs_columbus_16x9_0005.jpg\",\"width\":2048,\"height\":1152},{\"@type\":\"BreadcrumbList\",\"@id\":\"https:\/\/accessigns.com\/fr\/solutions-enseignes\/enseignes-interieur-exterieur\/#breadcrumb\",\"itemListElement\":[{\"@type\":\"ListItem\",\"position\":1,\"name\":\"Home\",\"item\":\"https:\/\/accessigns.com\/fr\/accueil\/\"},{\"@type\":\"ListItem\",\"position\":2,\"name\":\"Solutions d&rsquo;enseignes\",\"item\":\"https:\/\/accessigns.com\/fr\/solutions-enseignes\/\"},{\"@type\":\"ListItem\",\"position\":3,\"name\":\"Enseignes int\u00e9rieures et ext\u00e9rieures\"}]},{\"@type\":\"WebSite\",\"@id\":\"https:\/\/accessigns.com\/fr\/#website\",\"url\":\"https:\/\/accessigns.com\/fr\/\",\"name\":\"Enseignes Access\",\"description\":\"Tailored in-house signage solutions for businesses, stores, restaurants, retail and more nationwide.\",\"alternateName\":\"Enseignes Access\",\"potentialAction\":[{\"@type\":\"SearchAction\",\"target\":{\"@type\":\"EntryPoint\",\"urlTemplate\":\"https:\/\/accessigns.com\/fr\/?s={search_term_string}\"},\"query-input\":{\"@type\":\"PropertyValueSpecification\",\"valueRequired\":true,\"valueName\":\"search_term_string\"}}],\"inLanguage\":\"fr-FR\"}]}<\/script>\n<!-- \/ Yoast SEO Premium plugin. -->","yoast_head_json":{"title":"Enseignes int\u00e9rieures et ext\u00e9rieures &#8212; Enseignes Access","description":"D\u00e9couvrez nos solutions d'enseignes int\u00e9rieures et ext\u00e9rieures. Laissez-nous concevoir l\u2019affichage parfait pour votre entreprise d\u00e8s aujourd'hui.","robots":{"index":"index","follow":"follow","max-snippet":"max-snippet:-1","max-image-preview":"max-image-preview:large","max-video-preview":"max-video-preview:-1"},"canonical":"https:\/\/accessigns.com\/fr\/solutions-enseignes\/enseignes-interieur-exterieur\/","og_locale":"fr_FR","og_type":"article","og_title":"Enseignes int\u00e9rieures et ext\u00e9rieures","og_description":"D\u00e9couvrez nos solutions d'enseignes int\u00e9rieures et ext\u00e9rieures. Laissez-nous concevoir l\u2019affichage parfait pour votre entreprise d\u00e8s aujourd'hui.","og_url":"https:\/\/accessigns.com\/fr\/solutions-enseignes\/enseignes-interieur-exterieur\/","og_site_name":"Enseignes Access","article_modified_time":"2023-11-06T20:47:07+00:00","og_image":[{"width":2048,"height":1152,"url":"https:\/\/accessigns.com\/wp-content\/uploads\/2022\/10\/access-signs_columbus_16x9_0005.jpg","type":"image\/jpeg"}],"twitter_card":"summary_large_image","twitter_misc":{"Dur\u00e9e de lecture estim\u00e9e":"1 minute"},"schema":{"@context":"https:\/\/schema.org","@graph":[{"@type":"WebPage","@id":"https:\/\/accessigns.com\/fr\/solutions-enseignes\/enseignes-interieur-exterieur\/","url":"https:\/\/accessigns.com\/fr\/solutions-enseignes\/enseignes-interieur-exterieur\/","name":"Enseignes int\u00e9rieures et ext\u00e9rieures &#8212; Enseignes Access","isPartOf":{"@id":"https:\/\/accessigns.com\/fr\/#website"},"primaryImageOfPage":{"@id":"https:\/\/accessigns.com\/fr\/solutions-enseignes\/enseignes-interieur-exterieur\/#primaryimage"},"image":{"@id":"https:\/\/accessigns.com\/fr\/solutions-enseignes\/enseignes-interieur-exterieur\/#primaryimage"},"thumbnailUrl":"https:\/\/accessigns.com\/wp-content\/uploads\/2022\/10\/access-signs_columbus_16x9_0005.jpg","datePublished":"2022-11-30T16:05:54+00:00","dateModified":"2023-11-06T20:47:07+00:00","description":"D\u00e9couvrez nos solutions d'enseignes int\u00e9rieures et ext\u00e9rieures. Laissez-nous concevoir l\u2019affichage parfait pour votre entreprise d\u00e8s aujourd'hui.","breadcrumb":{"@id":"https:\/\/accessigns.com\/fr\/solutions-enseignes\/enseignes-interieur-exterieur\/#breadcrumb"},"inLanguage":"fr-FR","potentialAction":[{"@type":"ReadAction","target":["https:\/\/accessigns.com\/fr\/solutions-enseignes\/enseignes-interieur-exterieur\/"]}]},{"@type":"ImageObject","inLanguage":"fr-FR","@id":"https:\/\/accessigns.com\/fr\/solutions-enseignes\/enseignes-interieur-exterieur\/#primaryimage","url":"https:\/\/accessigns.com\/wp-content\/uploads\/2022\/10\/access-signs_columbus_16x9_0005.jpg","contentUrl":"https:\/\/accessigns.com\/wp-content\/uploads\/2022\/10\/access-signs_columbus_16x9_0005.jpg","width":2048,"height":1152},{"@type":"BreadcrumbList","@id":"https:\/\/accessigns.com\/fr\/solutions-enseignes\/enseignes-interieur-exterieur\/#breadcrumb","itemListElement":[{"@type":"ListItem","position":1,"name":"Home","item":"https:\/\/accessigns.com\/fr\/accueil\/"},{"@type":"ListItem","position":2,"name":"Solutions d&rsquo;enseignes","item":"https:\/\/accessigns.com\/fr\/solutions-enseignes\/"},{"@type":"ListItem","position":3,"name":"Enseignes int\u00e9rieures et ext\u00e9rieures"}]},{"@type":"WebSite","@id":"https:\/\/accessigns.com\/fr\/#website","url":"https:\/\/accessigns.com\/fr\/","name":"Enseignes Access","description":"Tailored in-house signage solutions for businesses, stores, restaurants, retail and more nationwide.","alternateName":"Enseignes Access","potentialAction":[{"@type":"SearchAction","target":{"@type":"EntryPoint","urlTemplate":"https:\/\/accessigns.com\/fr\/?s={search_term_string}"},"query-input":{"@type":"PropertyValueSpecification","valueRequired":true,"valueName":"search_term_string"}}],"inLanguage":"fr-FR"}]}},"featured_image_src":"https:\/\/accessigns.com\/wp-content\/uploads\/2022\/10\/access-signs_columbus_16x9_0005-600x400.jpg","featured_image_src_square":"https:\/\/accessigns.com\/wp-content\/uploads\/2022\/10\/access-signs_columbus_16x9_0005-600x600.jpg","_links":{"self":[{"href":"https:\/\/accessigns.com\/fr\/wp-json\/wp\/v2\/pages\/642","targetHints":{"allow":["GET"]}}],"collection":[{"href":"https:\/\/accessigns.com\/fr\/wp-json\/wp\/v2\/pages"}],"about":[{"href":"https:\/\/accessigns.com\/fr\/wp-json\/wp\/v2\/types\/page"}],"author":[{"embeddable":true,"href":"https:\/\/accessigns.com\/fr\/wp-json\/wp\/v2\/users\/2"}],"replies":[{"embeddable":true,"href":"https:\/\/accessigns.com\/fr\/wp-json\/wp\/v2\/comments?post=642"}],"version-history":[{"count":0,"href":"https:\/\/accessigns.com\/fr\/wp-json\/wp\/v2\/pages\/642\/revisions"}],"up":[{"embeddable":true,"href":"https:\/\/accessigns.com\/fr\/wp-json\/wp\/v2\/pages\/705"}],"wp:featuredmedia":[{"embeddable":true,"href":"https:\/\/accessigns.com\/fr\/wp-json\/wp\/v2\/media\/521"}],"wp:attachment":[{"href":"https:\/\/accessigns.com\/fr\/wp-json\/wp\/v2\/media?parent=642"}],"curies":[{"name":"wp","href":"https:\/\/api.w.org\/{rel}","templated":true}]}}