{"id":639,"date":"2022-08-02T00:10:50","date_gmt":"2022-08-02T04:10:50","guid":{"rendered":"https:\/\/accessigns.wpengine.com\/?page_id=639"},"modified":"2023-11-06T16:26:14","modified_gmt":"2023-11-06T21:26:14","slug":"a-propos","status":"publish","type":"page","link":"https:\/\/accessigns.com\/fr\/a-propos\/","title":{"rendered":"\u00c0 propos"},"content":{"rendered":"<div id=\"cs-content\" class=\"cs-content\"><\/div>\n","protected":false},"excerpt":{"rendered":"<p>\u00c0 propos Enseignes Access fabrique et con\u00e7oit des enseignes depuis 1987. Nous sommes l\u00e0 pour vous accompagner \u00e0 chaque \u00e9tape de la cr\u00e9ation de solutions d\u2019affichage. Bas\u00e9e \u00e0 Montr\u00e9al, notre entreprise offre un service complet de fabrication d&rsquo;enseignes. Forts de plus de 30 ans d&rsquo;exp\u00e9rience dans l&rsquo;industrie, nous sommes fiers d\u2019\u00eatre l&rsquo;un des principaux acteurs dans notre domaine en Am\u00e9rique &#8230; <\/p>\n<div><a href=\"https:\/\/accessigns.com\/fr\/a-propos\/\" class=\"more-link\">Read More<\/a><\/div>\n","protected":false},"author":2,"featured_media":0,"parent":0,"menu_order":0,"comment_status":"closed","ping_status":"closed","template":"template-blank-4.php","meta":{"_acf_changed":false,"footnotes":""},"class_list":["post-639","page","type-page","status-publish","hentry","no-post-thumbnail"],"acf":[],"yoast_head":"<!-- This site is optimized with the Yoast SEO Premium plugin v21.4 (Yoast SEO v26.9) - https:\/\/yoast.com\/product\/yoast-seo-premium-wordpress\/ -->\n<title>Le leader en enseignes commerciales &#8212; Enseignes Access<\/title>\n<meta name=\"description\" content=\"Enseignes Access est une entreprise de fabrication d&#039;enseignes \u00e0 service complet avec plus de 30 ans d&#039;exp\u00e9rience dans l&#039;industrie.\" \/>\n<meta name=\"robots\" content=\"index, follow, max-snippet:-1, max-image-preview:large, max-video-preview:-1\" \/>\n<link rel=\"canonical\" href=\"https:\/\/accessigns.com\/fr\/a-propos\/\" \/>\n<meta property=\"og:locale\" content=\"fr_FR\" \/>\n<meta property=\"og:type\" content=\"article\" \/>\n<meta property=\"og:title\" content=\"\u00c0 propos\" \/>\n<meta property=\"og:description\" content=\"Enseignes Access est une entreprise de fabrication d&#039;enseignes \u00e0 service complet avec plus de 30 ans d&#039;exp\u00e9rience dans l&#039;industrie.\" \/>\n<meta property=\"og:url\" content=\"https:\/\/accessigns.com\/fr\/a-propos\/\" \/>\n<meta property=\"og:site_name\" content=\"Enseignes Access\" \/>\n<meta property=\"article:modified_time\" content=\"2023-11-06T21:26:14+00:00\" \/>\n<meta property=\"og:image\" content=\"https:\/\/accessigns.com\/wp-content\/uploads\/2023\/06\/access-site-image.png\" \/>\n\t<meta property=\"og:image:width\" content=\"1000\" \/>\n\t<meta property=\"og:image:height\" content=\"675\" \/>\n\t<meta property=\"og:image:type\" content=\"image\/png\" \/>\n<meta name=\"twitter:card\" content=\"summary_large_image\" \/>\n<meta name=\"twitter:label1\" content=\"Dur\u00e9e de lecture estim\u00e9e\" \/>\n\t<meta name=\"twitter:data1\" content=\"3 minutes\" \/>\n<script type=\"application\/ld+json\" class=\"yoast-schema-graph\">{\"@context\":\"https:\/\/schema.org\",\"@graph\":[{\"@type\":\"WebPage\",\"@id\":\"https:\/\/accessigns.com\/fr\/a-propos\/\",\"url\":\"https:\/\/accessigns.com\/fr\/a-propos\/\",\"name\":\"Le leader en enseignes commerciales &#8212; Enseignes Access\",\"isPartOf\":{\"@id\":\"https:\/\/accessigns.com\/fr\/#website\"},\"datePublished\":\"2022-08-02T04:10:50+00:00\",\"dateModified\":\"2023-11-06T21:26:14+00:00\",\"description\":\"Enseignes Access est une entreprise de fabrication d'enseignes \u00e0 service complet avec plus de 30 ans d'exp\u00e9rience dans l'industrie.\",\"breadcrumb\":{\"@id\":\"https:\/\/accessigns.com\/fr\/a-propos\/#breadcrumb\"},\"inLanguage\":\"fr-FR\",\"potentialAction\":[{\"@type\":\"ReadAction\",\"target\":[\"https:\/\/accessigns.com\/fr\/a-propos\/\"]}]},{\"@type\":\"BreadcrumbList\",\"@id\":\"https:\/\/accessigns.com\/fr\/a-propos\/#breadcrumb\",\"itemListElement\":[{\"@type\":\"ListItem\",\"position\":1,\"name\":\"Home\",\"item\":\"https:\/\/accessigns.com\/fr\/accueil\/\"},{\"@type\":\"ListItem\",\"position\":2,\"name\":\"\u00c0 propos\"}]},{\"@type\":\"WebSite\",\"@id\":\"https:\/\/accessigns.com\/fr\/#website\",\"url\":\"https:\/\/accessigns.com\/fr\/\",\"name\":\"Enseignes Access\",\"description\":\"Tailored in-house signage solutions for businesses, stores, restaurants, retail and more nationwide.\",\"alternateName\":\"Enseignes Access\",\"potentialAction\":[{\"@type\":\"SearchAction\",\"target\":{\"@type\":\"EntryPoint\",\"urlTemplate\":\"https:\/\/accessigns.com\/fr\/?s={search_term_string}\"},\"query-input\":{\"@type\":\"PropertyValueSpecification\",\"valueRequired\":true,\"valueName\":\"search_term_string\"}}],\"inLanguage\":\"fr-FR\"}]}<\/script>\n<!-- \/ Yoast SEO Premium plugin. -->","yoast_head_json":{"title":"Le leader en enseignes commerciales &#8212; Enseignes Access","description":"Enseignes Access est une entreprise de fabrication d'enseignes \u00e0 service complet avec plus de 30 ans d'exp\u00e9rience dans l'industrie.","robots":{"index":"index","follow":"follow","max-snippet":"max-snippet:-1","max-image-preview":"max-image-preview:large","max-video-preview":"max-video-preview:-1"},"canonical":"https:\/\/accessigns.com\/fr\/a-propos\/","og_locale":"fr_FR","og_type":"article","og_title":"\u00c0 propos","og_description":"Enseignes Access est une entreprise de fabrication d'enseignes \u00e0 service complet avec plus de 30 ans d'exp\u00e9rience dans l'industrie.","og_url":"https:\/\/accessigns.com\/fr\/a-propos\/","og_site_name":"Enseignes Access","article_modified_time":"2023-11-06T21:26:14+00:00","og_image":[{"width":1000,"height":675,"url":"https:\/\/accessigns.com\/wp-content\/uploads\/2023\/06\/access-site-image.png","type":"image\/png"}],"twitter_card":"summary_large_image","twitter_misc":{"Dur\u00e9e de lecture estim\u00e9e":"3 minutes"},"schema":{"@context":"https:\/\/schema.org","@graph":[{"@type":"WebPage","@id":"https:\/\/accessigns.com\/fr\/a-propos\/","url":"https:\/\/accessigns.com\/fr\/a-propos\/","name":"Le leader en enseignes commerciales &#8212; Enseignes Access","isPartOf":{"@id":"https:\/\/accessigns.com\/fr\/#website"},"datePublished":"2022-08-02T04:10:50+00:00","dateModified":"2023-11-06T21:26:14+00:00","description":"Enseignes Access est une entreprise de fabrication d'enseignes \u00e0 service complet avec plus de 30 ans d'exp\u00e9rience dans l'industrie.","breadcrumb":{"@id":"https:\/\/accessigns.com\/fr\/a-propos\/#breadcrumb"},"inLanguage":"fr-FR","potentialAction":[{"@type":"ReadAction","target":["https:\/\/accessigns.com\/fr\/a-propos\/"]}]},{"@type":"BreadcrumbList","@id":"https:\/\/accessigns.com\/fr\/a-propos\/#breadcrumb","itemListElement":[{"@type":"ListItem","position":1,"name":"Home","item":"https:\/\/accessigns.com\/fr\/accueil\/"},{"@type":"ListItem","position":2,"name":"\u00c0 propos"}]},{"@type":"WebSite","@id":"https:\/\/accessigns.com\/fr\/#website","url":"https:\/\/accessigns.com\/fr\/","name":"Enseignes Access","description":"Tailored in-house signage solutions for businesses, stores, restaurants, retail and more nationwide.","alternateName":"Enseignes Access","potentialAction":[{"@type":"SearchAction","target":{"@type":"EntryPoint","urlTemplate":"https:\/\/accessigns.com\/fr\/?s={search_term_string}"},"query-input":{"@type":"PropertyValueSpecification","valueRequired":true,"valueName":"search_term_string"}}],"inLanguage":"fr-FR"}]}},"featured_image_src":null,"featured_image_src_square":null,"_links":{"self":[{"href":"https:\/\/accessigns.com\/fr\/wp-json\/wp\/v2\/pages\/639","targetHints":{"allow":["GET"]}}],"collection":[{"href":"https:\/\/accessigns.com\/fr\/wp-json\/wp\/v2\/pages"}],"about":[{"href":"https:\/\/accessigns.com\/fr\/wp-json\/wp\/v2\/types\/page"}],"author":[{"embeddable":true,"href":"https:\/\/accessigns.com\/fr\/wp-json\/wp\/v2\/users\/2"}],"replies":[{"embeddable":true,"href":"https:\/\/accessigns.com\/fr\/wp-json\/wp\/v2\/comments?post=639"}],"version-history":[{"count":0,"href":"https:\/\/accessigns.com\/fr\/wp-json\/wp\/v2\/pages\/639\/revisions"}],"wp:attachment":[{"href":"https:\/\/accessigns.com\/fr\/wp-json\/wp\/v2\/media?parent=639"}],"curies":[{"name":"wp","href":"https:\/\/api.w.org\/{rel}","templated":true}]}}